{"id":1697,"date":"2025-05-16T14:51:50","date_gmt":"2025-05-16T14:51:50","guid":{"rendered":"https:\/\/alfiplast-packaging.fr\/produit\/bague-t82\/"},"modified":"2025-05-19T08:54:45","modified_gmt":"2025-05-19T08:54:45","slug":"bague-t82","status":"publish","type":"product","link":"https:\/\/alfiplast-packaging.fr\/en\/produit\/bague-t82\/","title":{"rendered":"Bague T82"},"content":{"rendered":"<p>Apportez une finition propre et fonctionnelle \u00e0 vos tubes avec nos bagues de positionnement, sp\u00e9cialement con\u00e7ues pour s\u2019adapter aux tubes ronds en plastique ou en m\u00e9tal. Ces bagues s\u2019embo\u00eetent facilement autour du tube, assurant un maintien parfait tout en renfor\u00e7ant l\u2019esth\u00e9tique et la stabilit\u00e9 de l\u2019ensemble.<\/p>\n<p>Id\u00e9ales pour le calage, le blocage en position ou la protection, elles s\u2019utilisent aussi bien dans les environnements industriels que pour des applications techniques ou esth\u00e9tiques.<\/p>\n","protected":false},"excerpt":{"rendered":"<p>Apportez une finition propre et fonctionnelle \u00e0 vos tubes avec nos bagues de positionnement, sp\u00e9cialement con\u00e7ues pour s\u2019adapter aux tubes ronds en plastique ou en m\u00e9tal. Ces bagues s\u2019embo\u00eetent facilement autour du tube, assurant un maintien parfait tout en renfor\u00e7ant l\u2019esth\u00e9tique et la stabilit\u00e9 de l\u2019ensemble. Id\u00e9ales pour le calage, le blocage en position ou [&hellip;]<\/p>\n","protected":false},"featured_media":1530,"template":"","meta":[],"product_brand":[],"product_cat":[231,30],"product_tag":[],"class_list":{"0":"post-1697","1":"product","2":"type-product","3":"status-publish","4":"has-post-thumbnail","6":"product_cat-bague-2","7":"product_cat-bouchons","9":"first","10":"instock","11":"shipping-taxable","12":"product-type-simple"},"_links":{"self":[{"href":"https:\/\/alfiplast-packaging.fr\/en\/wp-json\/wp\/v2\/product\/1697","targetHints":{"allow":["GET"]}}],"collection":[{"href":"https:\/\/alfiplast-packaging.fr\/en\/wp-json\/wp\/v2\/product"}],"about":[{"href":"https:\/\/alfiplast-packaging.fr\/en\/wp-json\/wp\/v2\/types\/product"}],"wp:featuredmedia":[{"embeddable":true,"href":"https:\/\/alfiplast-packaging.fr\/en\/wp-json\/wp\/v2\/media\/1530"}],"wp:attachment":[{"href":"https:\/\/alfiplast-packaging.fr\/en\/wp-json\/wp\/v2\/media?parent=1697"}],"wp:term":[{"taxonomy":"product_brand","embeddable":true,"href":"https:\/\/alfiplast-packaging.fr\/en\/wp-json\/wp\/v2\/product_brand?post=1697"},{"taxonomy":"product_cat","embeddable":true,"href":"https:\/\/alfiplast-packaging.fr\/en\/wp-json\/wp\/v2\/product_cat?post=1697"},{"taxonomy":"product_tag","embeddable":true,"href":"https:\/\/alfiplast-packaging.fr\/en\/wp-json\/wp\/v2\/product_tag?post=1697"}],"curies":[{"name":"wp","href":"https:\/\/api.w.org\/{rel}","templated":true}]}}