{"id":1677,"date":"2025-05-16T14:51:47","date_gmt":"2025-05-16T14:51:47","guid":{"rendered":"https:\/\/alfiplast-packaging.fr\/produit\/tambour-o22-lisse-n3-tige-m9-pointe-pyramide\/"},"modified":"2025-05-19T08:54:43","modified_gmt":"2025-05-19T08:54:43","slug":"tambour-o22-lisse-n3-tige-m9-pointe-pyramide","status":"publish","type":"product","link":"https:\/\/alfiplast-packaging.fr\/en\/produit\/tambour-o22-lisse-n3-tige-m9-pointe-pyramide\/","title":{"rendered":"Tambour \u00d822 lisse &#8211; N\u00b03 tige M9 &#8211; pointe pyramide"},"content":{"rendered":"<p>Prot\u00e9gez efficacement l\u2019extr\u00e9mit\u00e9 de vos tubes gr\u00e2ce \u00e0 nos bouchons de fermeture avec d\u00e9fonceur int\u00e9gr\u00e9, sp\u00e9cialement con\u00e7us pour les tubes ronds en plastique ou en m\u00e9tal. Faciles \u00e0 poser par simple pression, ils assurent une excellente \u00e9tanch\u00e9it\u00e9 tout en emp\u00eachant l\u2019intrusion de poussi\u00e8res, d\u2019humidit\u00e9 ou de salissures.<\/p>\n<p>Le d\u00e9fonceur pr\u00e9form\u00e9 offre une ouverture rapide ou un per\u00e7age facilit\u00e9 selon vos besoins, notamment pour les applications n\u00e9cessitant une mise en pression, une vidange ou une ventilation.<\/p>\n<p>&#8211; Compatibles avec tubes plastiques ou m\u00e9talliques<\/p>\n<p>&#8211; D\u00e9fonceur int\u00e9gr\u00e9 pour une ouverture ou un per\u00e7age simplifi\u00e9<\/p>\n<p>&#8211; Diam\u00e8tres ext\u00e9rieurs disponibles : de 13,5 mm \u00e0 34,2 mm<\/p>\n<p>&#8211; Pose facile sans outil \u2013 maintien par simple pression<\/p>\n<p>&#8211; \u00c9tanch\u00e9it\u00e9 fiable contre les salissures et l\u2019humidit\u00e9<\/p>\n<p>&#8211; Disponibles en diff\u00e9rents mat\u00e9riaux et couleurs <\/p>\n<p>&#8211; Versions pleines ou ajour\u00e9es sur demande<\/p>\n","protected":false},"excerpt":{"rendered":"<p>Prot\u00e9gez efficacement l\u2019extr\u00e9mit\u00e9 de vos tubes gr\u00e2ce \u00e0 nos bouchons de fermeture avec d\u00e9fonceur int\u00e9gr\u00e9, sp\u00e9cialement con\u00e7us pour les tubes ronds en plastique ou en m\u00e9tal. Faciles \u00e0 poser par simple pression, ils assurent une excellente \u00e9tanch\u00e9it\u00e9 tout en emp\u00eachant l\u2019intrusion de poussi\u00e8res, d\u2019humidit\u00e9 ou de salissures. Le d\u00e9fonceur pr\u00e9form\u00e9 offre une ouverture rapide ou [&hellip;]<\/p>\n","protected":false},"featured_media":1458,"template":"","meta":[],"product_brand":[],"product_cat":[30,227],"product_tag":[],"class_list":{"0":"post-1677","1":"product","2":"type-product","3":"status-publish","4":"has-post-thumbnail","6":"product_cat-bouchons","7":"product_cat-tambour-2","9":"first","10":"instock","11":"shipping-taxable","12":"product-type-simple"},"_links":{"self":[{"href":"https:\/\/alfiplast-packaging.fr\/en\/wp-json\/wp\/v2\/product\/1677","targetHints":{"allow":["GET"]}}],"collection":[{"href":"https:\/\/alfiplast-packaging.fr\/en\/wp-json\/wp\/v2\/product"}],"about":[{"href":"https:\/\/alfiplast-packaging.fr\/en\/wp-json\/wp\/v2\/types\/product"}],"wp:featuredmedia":[{"embeddable":true,"href":"https:\/\/alfiplast-packaging.fr\/en\/wp-json\/wp\/v2\/media\/1458"}],"wp:attachment":[{"href":"https:\/\/alfiplast-packaging.fr\/en\/wp-json\/wp\/v2\/media?parent=1677"}],"wp:term":[{"taxonomy":"product_brand","embeddable":true,"href":"https:\/\/alfiplast-packaging.fr\/en\/wp-json\/wp\/v2\/product_brand?post=1677"},{"taxonomy":"product_cat","embeddable":true,"href":"https:\/\/alfiplast-packaging.fr\/en\/wp-json\/wp\/v2\/product_cat?post=1677"},{"taxonomy":"product_tag","embeddable":true,"href":"https:\/\/alfiplast-packaging.fr\/en\/wp-json\/wp\/v2\/product_tag?post=1677"}],"curies":[{"name":"wp","href":"https:\/\/api.w.org\/{rel}","templated":true}]}}