{"id":1667,"date":"2025-05-16T14:51:44","date_gmt":"2025-05-16T14:51:44","guid":{"rendered":"https:\/\/alfiplast-packaging.fr\/produit\/embout-filete-n5-tige-135\/"},"modified":"2025-05-19T08:54:43","modified_gmt":"2025-05-19T08:54:43","slug":"embout-filete-n5-tige-135","status":"publish","type":"product","link":"https:\/\/alfiplast-packaging.fr\/en\/produit\/embout-filete-n5-tige-135\/","title":{"rendered":"Embout filet\u00e9 &#8211; N\u00b05 tige 135"},"content":{"rendered":"<p>Nos embouts sont con\u00e7us pour r\u00e9pondre aux plus hautes exigences en mati\u00e8re de protection, de pr\u00e9sentation et de fonctionnalit\u00e9. Que ce soit pour prot\u00e9ger une extr\u00e9mit\u00e9 de tube, finaliser un emballage ou garantir une hygi\u00e8ne irr\u00e9prochable, nos embouts offrent une solution fiable, esth\u00e9tique et parfaitement ajust\u00e9e.<\/p>\n<p>Fabricant reconnu dans les secteurs cosm\u00e9tique, pharmaceutique et industriel, nous proposons une gamme d\u2019embouts standard ou sur mesure, adapt\u00e9e \u00e0 vos besoins techniques et \u00e0 vos contraintes de production.<\/p>\n<p>&#8211; Assurent une finition nette et une protection durable<\/p>\n<p>&#8211; Pose simple par embo\u00eetement ou clipsage<\/p>\n<p>&#8211; Coloris standards ou sur-mesure (palette RAL)<\/p>\n","protected":false},"excerpt":{"rendered":"<p>Nos embouts sont con\u00e7us pour r\u00e9pondre aux plus hautes exigences en mati\u00e8re de protection, de pr\u00e9sentation et de fonctionnalit\u00e9. Que ce soit pour prot\u00e9ger une extr\u00e9mit\u00e9 de tube, finaliser un emballage ou garantir une hygi\u00e8ne irr\u00e9prochable, nos embouts offrent une solution fiable, esth\u00e9tique et parfaitement ajust\u00e9e. Fabricant reconnu dans les secteurs cosm\u00e9tique, pharmaceutique et industriel, [&hellip;]<\/p>\n","protected":false},"featured_media":1422,"template":"","meta":[],"product_brand":[],"product_cat":[30,229],"product_tag":[],"class_list":{"0":"post-1667","1":"product","2":"type-product","3":"status-publish","4":"has-post-thumbnail","6":"product_cat-bouchons","7":"product_cat-embout-2","9":"first","10":"instock","11":"shipping-taxable","12":"product-type-simple"},"_links":{"self":[{"href":"https:\/\/alfiplast-packaging.fr\/en\/wp-json\/wp\/v2\/product\/1667","targetHints":{"allow":["GET"]}}],"collection":[{"href":"https:\/\/alfiplast-packaging.fr\/en\/wp-json\/wp\/v2\/product"}],"about":[{"href":"https:\/\/alfiplast-packaging.fr\/en\/wp-json\/wp\/v2\/types\/product"}],"wp:featuredmedia":[{"embeddable":true,"href":"https:\/\/alfiplast-packaging.fr\/en\/wp-json\/wp\/v2\/media\/1422"}],"wp:attachment":[{"href":"https:\/\/alfiplast-packaging.fr\/en\/wp-json\/wp\/v2\/media?parent=1667"}],"wp:term":[{"taxonomy":"product_brand","embeddable":true,"href":"https:\/\/alfiplast-packaging.fr\/en\/wp-json\/wp\/v2\/product_brand?post=1667"},{"taxonomy":"product_cat","embeddable":true,"href":"https:\/\/alfiplast-packaging.fr\/en\/wp-json\/wp\/v2\/product_cat?post=1667"},{"taxonomy":"product_tag","embeddable":true,"href":"https:\/\/alfiplast-packaging.fr\/en\/wp-json\/wp\/v2\/product_tag?post=1667"}],"curies":[{"name":"wp","href":"https:\/\/api.w.org\/{rel}","templated":true}]}}