{"id":1659,"date":"2025-05-16T14:51:43","date_gmt":"2025-05-16T14:51:43","guid":{"rendered":"https:\/\/alfiplast-packaging.fr\/produit\/canule-2896\/"},"modified":"2025-05-19T09:02:41","modified_gmt":"2025-05-19T09:02:41","slug":"canule-tige82","status":"publish","type":"product","link":"https:\/\/alfiplast-packaging.fr\/en\/produit\/canule-tige82\/","title":{"rendered":"Canule &#8211; N\u00b02 tige 82"},"content":{"rendered":"<p>Con\u00e7us pour obturer efficacement les embouts \u00e9troits de canules ou de tubes fins, nos bouchons canule offrent une solution simple et fiable pour la protection et la fermeture temporaire ou permanente. Adapt\u00e9s aux diam\u00e8tres standards de 11 mm et 12 mm, ils assurent une excellente tenue et emp\u00eachent toute intrusion de poussi\u00e8re, d&#8217;humidit\u00e9 ou de r\u00e9sidus.<\/p>\n<p>Ces bouchons conviennent parfaitement aux usages n\u00e9cessitant une fermeture herm\u00e9tique et d\u00e9finitive.<\/p>\n<p>&#8211; Fermeture par embo\u00eetement \u2013 pose rapide et sans outil<\/p>\n<p>&#8211; Sans d\u00e9fonceur pour une obturation compl\u00e8te<\/p>\n<p>&#8211; Mat\u00e9riaux souples et r\u00e9sistants (type PEBD ou similaire)<\/p>\n<p>&#8211; Bonne \u00e9tanch\u00e9it\u00e9 et tenue m\u00eame en environnement contraignant<\/p>\n<p>&#8211; Coloris standards disponibles \u2013 personnalisation sur demande<\/p>\n","protected":false},"excerpt":{"rendered":"<p>Con\u00e7us pour obturer efficacement les embouts \u00e9troits de canules ou de tubes fins, nos bouchons canule offrent une solution simple et fiable pour la protection et la fermeture temporaire ou permanente. Adapt\u00e9s aux diam\u00e8tres standards de 11 mm et 12 mm, ils assurent une excellente tenue et emp\u00eachent toute intrusion de poussi\u00e8re, d&#8217;humidit\u00e9 ou de [&hellip;]<\/p>\n","protected":false},"featured_media":1406,"template":"","meta":[],"product_brand":[],"product_cat":[30,230],"product_tag":[],"class_list":{"0":"post-1659","1":"product","2":"type-product","3":"status-publish","4":"has-post-thumbnail","6":"product_cat-bouchons","7":"product_cat-canule","9":"first","10":"instock","11":"shipping-taxable","12":"product-type-simple"},"_links":{"self":[{"href":"https:\/\/alfiplast-packaging.fr\/en\/wp-json\/wp\/v2\/product\/1659","targetHints":{"allow":["GET"]}}],"collection":[{"href":"https:\/\/alfiplast-packaging.fr\/en\/wp-json\/wp\/v2\/product"}],"about":[{"href":"https:\/\/alfiplast-packaging.fr\/en\/wp-json\/wp\/v2\/types\/product"}],"wp:featuredmedia":[{"embeddable":true,"href":"https:\/\/alfiplast-packaging.fr\/en\/wp-json\/wp\/v2\/media\/1406"}],"wp:attachment":[{"href":"https:\/\/alfiplast-packaging.fr\/en\/wp-json\/wp\/v2\/media?parent=1659"}],"wp:term":[{"taxonomy":"product_brand","embeddable":true,"href":"https:\/\/alfiplast-packaging.fr\/en\/wp-json\/wp\/v2\/product_brand?post=1659"},{"taxonomy":"product_cat","embeddable":true,"href":"https:\/\/alfiplast-packaging.fr\/en\/wp-json\/wp\/v2\/product_cat?post=1659"},{"taxonomy":"product_tag","embeddable":true,"href":"https:\/\/alfiplast-packaging.fr\/en\/wp-json\/wp\/v2\/product_tag?post=1659"}],"curies":[{"name":"wp","href":"https:\/\/api.w.org\/{rel}","templated":true}]}}