{"id":1650,"date":"2025-05-16T14:51:42","date_gmt":"2025-05-16T14:51:42","guid":{"rendered":"https:\/\/alfiplast-packaging.fr\/produit\/bouchon-conique-strie-n5-tige-135-pointe-pyramide-o-75\/"},"modified":"2025-05-19T08:54:43","modified_gmt":"2025-05-19T08:54:43","slug":"bouchon-conique-strie-n5-tige-135-pointe-pyramide-o-75","status":"publish","type":"product","link":"https:\/\/alfiplast-packaging.fr\/en\/produit\/bouchon-conique-strie-n5-tige-135-pointe-pyramide-o-75\/","title":{"rendered":"Bouchon conique stri\u00e9 &#8211; N\u00b05 tige 135 &#8211; pointe pyramide \u00d8 7,5"},"content":{"rendered":"<p>Nos bouchons coniques assurent une fermeture fiable et adaptable pour les tubes plastiques ou m\u00e9talliques de petit diam\u00e8tre. Gr\u00e2ce \u00e0 leur forme effil\u00e9e, ils s\u2019ins\u00e8rent facilement dans diff\u00e9rentes tailles d\u2019orifices, garantissant un excellent maintien et une \u00e9tanch\u00e9it\u00e9 optimale, m\u00eame en conditions exigeantes.<\/p>\n<p>Disponibles avec ou sans d\u00e9fonceur, ils r\u00e9pondent \u00e0 tous les besoins : protection simple, ou per\u00e7age facilit\u00e9 pour la mise en pression, la ventilation ou la vidange.<\/p>\n<p>&#8211; Bouchons coniques souples pour tubes plastiques ou m\u00e9talliques<\/p>\n<p>&#8211; Diam\u00e8tres ext\u00e9rieur : de 11,6 mm \u00e0 17,5 mm<\/p>\n<p>&#8211; Versions avec ou sans d\u00e9fonceur<\/p>\n<p>&#8211; Pose rapide par simple enfoncement \u2013 excellente tenue<\/p>\n<p>&#8211; Adaptation sur plusieurs diam\u00e8tres gr\u00e2ce \u00e0 la forme conique<\/p>\n<p>&#8211; Mat\u00e9riaux flexibles et r\u00e9sistants (PEBD, etc.)<\/p>\n<p>&#8211; \u00c9tanch\u00e9it\u00e9 fiable contre poussi\u00e8res, projections, humidit\u00e9<\/p>\n","protected":false},"excerpt":{"rendered":"<p>Nos bouchons coniques assurent une fermeture fiable et adaptable pour les tubes plastiques ou m\u00e9talliques de petit diam\u00e8tre. Gr\u00e2ce \u00e0 leur forme effil\u00e9e, ils s\u2019ins\u00e8rent facilement dans diff\u00e9rentes tailles d\u2019orifices, garantissant un excellent maintien et une \u00e9tanch\u00e9it\u00e9 optimale, m\u00eame en conditions exigeantes. Disponibles avec ou sans d\u00e9fonceur, ils r\u00e9pondent \u00e0 tous les besoins : protection [&hellip;]<\/p>\n","protected":false},"featured_media":1462,"template":"","meta":[],"product_brand":[],"product_cat":[228,30],"product_tag":[],"class_list":{"0":"post-1650","1":"product","2":"type-product","3":"status-publish","4":"has-post-thumbnail","6":"product_cat-bouchon-conique","7":"product_cat-bouchons","9":"first","10":"instock","11":"shipping-taxable","12":"product-type-simple"},"_links":{"self":[{"href":"https:\/\/alfiplast-packaging.fr\/en\/wp-json\/wp\/v2\/product\/1650","targetHints":{"allow":["GET"]}}],"collection":[{"href":"https:\/\/alfiplast-packaging.fr\/en\/wp-json\/wp\/v2\/product"}],"about":[{"href":"https:\/\/alfiplast-packaging.fr\/en\/wp-json\/wp\/v2\/types\/product"}],"wp:featuredmedia":[{"embeddable":true,"href":"https:\/\/alfiplast-packaging.fr\/en\/wp-json\/wp\/v2\/media\/1462"}],"wp:attachment":[{"href":"https:\/\/alfiplast-packaging.fr\/en\/wp-json\/wp\/v2\/media?parent=1650"}],"wp:term":[{"taxonomy":"product_brand","embeddable":true,"href":"https:\/\/alfiplast-packaging.fr\/en\/wp-json\/wp\/v2\/product_brand?post=1650"},{"taxonomy":"product_cat","embeddable":true,"href":"https:\/\/alfiplast-packaging.fr\/en\/wp-json\/wp\/v2\/product_cat?post=1650"},{"taxonomy":"product_tag","embeddable":true,"href":"https:\/\/alfiplast-packaging.fr\/en\/wp-json\/wp\/v2\/product_tag?post=1650"}],"curies":[{"name":"wp","href":"https:\/\/api.w.org\/{rel}","templated":true}]}}