{"id":1647,"date":"2025-05-16T14:51:42","date_gmt":"2025-05-16T14:51:42","guid":{"rendered":"https:\/\/alfiplast-packaging.fr\/produit\/capuchon-minnesota-n1-tige-68\/"},"modified":"2025-05-19T08:54:43","modified_gmt":"2025-05-19T08:54:43","slug":"capuchon-minnesota-n1-tige-68","status":"publish","type":"product","link":"https:\/\/alfiplast-packaging.fr\/en\/produit\/capuchon-minnesota-n1-tige-68\/","title":{"rendered":"Capuchon Minnesota &#8211; N\u00b01 tige 68"},"content":{"rendered":"<p>En tant que fabricant sp\u00e9cialis\u00e9, nous concevons des capuchons de haute qualit\u00e9 adapt\u00e9s aux exigences des secteurs cosm\u00e9tique, pharmaceutique et industriel. Ces capuchons, sont parfaits pour prot\u00e9ger les extr\u00e9mit\u00e9s de tiges, tubes ou embouts lors du conditionnement, du transport ou des processus de fabrication.<\/p>\n<p>Avec des diam\u00e8tres ext\u00e9rieurs allant de 6,6 mm \u00e0 11 mm, ils assurent une obstruction fiable et propre, tout en r\u00e9pondant aux imp\u00e9ratifs de s\u00e9curit\u00e9, d\u2019hygi\u00e8ne et de finition.<\/p>\n<p>&#8211; Excellente tenue par embo\u00eetement<\/p>\n<p>&#8211; Finition propre, lisse et professionnelle<\/p>\n<p>&#8211; Coloris standards ou personnalis\u00e9s (RAL)<\/p>\n","protected":false},"excerpt":{"rendered":"<p>En tant que fabricant sp\u00e9cialis\u00e9, nous concevons des capuchons de haute qualit\u00e9 adapt\u00e9s aux exigences des secteurs cosm\u00e9tique, pharmaceutique et industriel. Ces capuchons, sont parfaits pour prot\u00e9ger les extr\u00e9mit\u00e9s de tiges, tubes ou embouts lors du conditionnement, du transport ou des processus de fabrication. Avec des diam\u00e8tres ext\u00e9rieurs allant de 6,6 mm \u00e0 11 mm, [&hellip;]<\/p>\n","protected":false},"featured_media":1362,"template":"","meta":[],"product_brand":[],"product_cat":[30,226],"product_tag":[],"class_list":{"0":"post-1647","1":"product","2":"type-product","3":"status-publish","4":"has-post-thumbnail","6":"product_cat-bouchons","7":"product_cat-capuchon-2","9":"first","10":"instock","11":"shipping-taxable","12":"product-type-simple"},"_links":{"self":[{"href":"https:\/\/alfiplast-packaging.fr\/en\/wp-json\/wp\/v2\/product\/1647","targetHints":{"allow":["GET"]}}],"collection":[{"href":"https:\/\/alfiplast-packaging.fr\/en\/wp-json\/wp\/v2\/product"}],"about":[{"href":"https:\/\/alfiplast-packaging.fr\/en\/wp-json\/wp\/v2\/types\/product"}],"wp:featuredmedia":[{"embeddable":true,"href":"https:\/\/alfiplast-packaging.fr\/en\/wp-json\/wp\/v2\/media\/1362"}],"wp:attachment":[{"href":"https:\/\/alfiplast-packaging.fr\/en\/wp-json\/wp\/v2\/media?parent=1647"}],"wp:term":[{"taxonomy":"product_brand","embeddable":true,"href":"https:\/\/alfiplast-packaging.fr\/en\/wp-json\/wp\/v2\/product_brand?post=1647"},{"taxonomy":"product_cat","embeddable":true,"href":"https:\/\/alfiplast-packaging.fr\/en\/wp-json\/wp\/v2\/product_cat?post=1647"},{"taxonomy":"product_tag","embeddable":true,"href":"https:\/\/alfiplast-packaging.fr\/en\/wp-json\/wp\/v2\/product_tag?post=1647"}],"curies":[{"name":"wp","href":"https:\/\/api.w.org\/{rel}","templated":true}]}}